{"id":719,"date":"2017-06-12T11:00:39","date_gmt":"2017-06-12T11:00:39","guid":{"rendered":""},"modified":"2017-09-13T15:05:08","modified_gmt":"2017-09-13T12:05:08","slug":"our-doctors","status":"publish","type":"page","link":"https:\/\/solmed.lv\/en\/our-doctors","title":{"rendered":"Our doctors"},"content":{"rendered":"<p>[vc_row iw_layout=&#8221;wide-bg&#8221;][vc_column 0=&#8221;&#8221;]    <div class=\"iw-medical-doctors doctors-grid doctors-grid-v2\">\n                    <div class=\"doctors-filter-department\">\n                <button class=\"filter is-checked\" data-filter=\"*\">Visi<\/button>\n                            <button class=\"filter\" data-filter=\".hematology\">Hematology<\/button>\n                            <button class=\"filter\" data-filter=\".dermatology\">Dermatology<\/button>\n                            <button class=\"filter\" data-filter=\".therapy\">Therapy<\/button>\n                            <button class=\"filter\" data-filter=\".surgery\">Surgery<\/button>\n                            <button class=\"filter\" data-filter=\".ultrasound\">Ultrasound<\/button>\n                            <button class=\"filter\" data-filter=\".dentistry\">Dentistry<\/button>\n                        <\/div>\n                <div class=\"iw-row\">\n            <div class=\"iw-isotope-main isotope doctor-items-grid-v2\">\n                                                        <div class=\"doctor-item element-item ultrasound iw-col-md-4 iw-col-sm-6 iw-col-xs-12\" data-category=\"ultrasound\">\n                        <div class=\"info-wrap\">\n                                                            <div class=\"image\">\n                                    <img alt=\"\" src=\"https:\/\/solmed.lv\/en\/wp-content\/uploads\/sites\/2\/2025\/03\/vkopitkov-370x255.jpg\"\/>\n                                <\/div>\n                                                        <div class=\"info\">\n                                <div class=\"info-content\">\n                                    <h3 class=\"doctor-name\"><a class=\"theme-color-hover\" href=\"https:\/\/solmed.lv\/en\/doctor\/radiologist-vladislav-kopitkov\">Radiologist Vladislav Kopitkov<\/a><\/h3>\n                                                                            <div class=\"doctor-position\"><a class=\"theme-color\" href=\"https:\/\/solmed.lv\/en\/services\/ultrasound\">Ultrasound<\/a><\/div>\n                                                                    <\/div>\n\n                                <div class=\"clearfix\"><\/div>\n                            <\/div>\n                        <\/div>\n                    <\/div>\n                                                        <div class=\"doctor-item element-item hematology iw-col-md-4 iw-col-sm-6 iw-col-xs-12\" data-category=\"hematology\">\n                        <div class=\"info-wrap\">\n                                                            <div class=\"image\">\n                                    <img alt=\"\" src=\"https:\/\/solmed.lv\/en\/wp-content\/uploads\/sites\/2\/2017\/06\/Prof-Olafs-Udris-370x255.png\"\/>\n                                <\/div>\n                                                        <div class=\"info\">\n                                <div class=\"info-content\">\n                                    <h3 class=\"doctor-name\"><a class=\"theme-color-hover\" href=\"https:\/\/solmed.lv\/en\/doctor\/prof-olafs-udris\">Prof. Olafs Udris<\/a><\/h3>\n                                                                            <div class=\"doctor-position\"><a class=\"theme-color\" href=\"https:\/\/solmed.lv\/en\/services\/hematology\">Hematology<\/a><\/div>\n                                                                    <\/div>\n\n                                <div class=\"clearfix\"><\/div>\n                            <\/div>\n                        <\/div>\n                    <\/div>\n                                                        <div class=\"doctor-item element-item ultrasound iw-col-md-4 iw-col-sm-6 iw-col-xs-12\" data-category=\"ultrasound\">\n                        <div class=\"info-wrap\">\n                                                            <div class=\"image\">\n                                    <img alt=\"\" src=\"https:\/\/solmed.lv\/en\/wp-content\/uploads\/sites\/2\/2017\/04\/IMG_7075-1-scaled-370x255.jpg\"\/>\n                                <\/div>\n                                                        <div class=\"info\">\n                                <div class=\"info-content\">\n                                    <h3 class=\"doctor-name\"><a class=\"theme-color-hover\" href=\"https:\/\/solmed.lv\/en\/doctor\/dr-yana-solskaya\">Dr. Jana Solska<\/a><\/h3>\n                                                                            <div class=\"doctor-position\"><a class=\"theme-color\" href=\"https:\/\/solmed.lv\/en\/services\/ultrasound\">Ultrasound<\/a><\/div>\n                                                                    <\/div>\n\n                                <div class=\"clearfix\"><\/div>\n                            <\/div>\n                        <\/div>\n                    <\/div>\n                                                        <div class=\"doctor-item element-item therapy iw-col-md-4 iw-col-sm-6 iw-col-xs-12\" data-category=\"therapy\">\n                        <div class=\"info-wrap\">\n                                                        <div class=\"info\">\n                                <div class=\"info-content\">\n                                    <h3 class=\"doctor-name\"><a class=\"theme-color-hover\" href=\"https:\/\/solmed.lv\/en\/doctor\/dr-ludmila-rjauzova\">Dr. Ludmila Rjauzova<\/a><\/h3>\n                                                                            <div class=\"doctor-position\"><a class=\"theme-color\" href=\"https:\/\/solmed.lv\/en\/services\/therapy\">Therapy<\/a><\/div>\n                                                                    <\/div>\n\n                                <div class=\"clearfix\"><\/div>\n                            <\/div>\n                        <\/div>\n                    <\/div>\n                                                        <div class=\"doctor-item element-item ultrasound iw-col-md-4 iw-col-sm-6 iw-col-xs-12\" data-category=\"ultrasound\">\n                        <div class=\"info-wrap\">\n                                                            <div class=\"image\">\n                                    <img alt=\"\" src=\"https:\/\/solmed.lv\/en\/wp-content\/uploads\/sites\/2\/2017\/03\/IMG_7086-scaled-370x255.jpg\"\/>\n                                <\/div>\n                                                        <div class=\"info\">\n                                <div class=\"info-content\">\n                                    <h3 class=\"doctor-name\"><a class=\"theme-color-hover\" href=\"https:\/\/solmed.lv\/en\/doctor\/andrejs-lioznovs\">Dr. Andrejs Lioznovs<\/a><\/h3>\n                                                                            <div class=\"doctor-position\"><a class=\"theme-color\" href=\"https:\/\/solmed.lv\/en\/services\/ultrasound\">Ultrasound<\/a><\/div>\n                                                                    <\/div>\n\n                                <div class=\"clearfix\"><\/div>\n                            <\/div>\n                        <\/div>\n                    <\/div>\n                                                        <div class=\"doctor-item element-item dermatology iw-col-md-4 iw-col-sm-6 iw-col-xs-12\" data-category=\"dermatology\">\n                        <div class=\"info-wrap\">\n                                                            <div class=\"image\">\n                                    <img alt=\"\" src=\"https:\/\/solmed.lv\/en\/wp-content\/uploads\/sites\/2\/2017\/01\/karpovic-370x255.jpg\"\/>\n                                <\/div>\n                                                        <div class=\"info\">\n                                <div class=\"info-content\">\n                                    <h3 class=\"doctor-name\"><a class=\"theme-color-hover\" href=\"https:\/\/solmed.lv\/en\/doctor\/inara-karpovica\">Dr. Inara Karpovich<\/a><\/h3>\n                                                                            <div class=\"doctor-position\"><a class=\"theme-color\" href=\"https:\/\/solmed.lv\/en\/services\/dermatology\">Dermatology<\/a><\/div>\n                                                                    <\/div>\n\n                                <div class=\"clearfix\"><\/div>\n                            <\/div>\n                        <\/div>\n                    <\/div>\n                                                        <div class=\"doctor-item element-item dentistry iw-col-md-4 iw-col-sm-6 iw-col-xs-12\" data-category=\"dentistry\">\n                        <div class=\"info-wrap\">\n                                                            <div class=\"image\">\n                                    <img alt=\"\" src=\"https:\/\/solmed.lv\/en\/wp-content\/uploads\/sites\/2\/2017\/01\/Screenshot_2021-07-28_at_18.52.20-removebg-preview-370x255.png\"\/>\n                                <\/div>\n                                                        <div class=\"info\">\n                                <div class=\"info-content\">\n                                    <h3 class=\"doctor-name\"><a class=\"theme-color-hover\" href=\"https:\/\/solmed.lv\/en\/doctor\/galina-smala\">Dr.Galina Smala<\/a><\/h3>\n                                                                            <div class=\"doctor-position\"><a class=\"theme-color\" href=\"https:\/\/solmed.lv\/en\/services\/dentistry\">Dentistry<\/a><\/div>\n                                                                    <\/div>\n\n                                <div class=\"clearfix\"><\/div>\n                            <\/div>\n                        <\/div>\n                    <\/div>\n                                                        <div class=\"doctor-item element-item dentistry iw-col-md-4 iw-col-sm-6 iw-col-xs-12\" data-category=\"dentistry\">\n                        <div class=\"info-wrap\">\n                                                            <div class=\"image\">\n                                    <img alt=\"\" src=\"https:\/\/solmed.lv\/en\/wp-content\/uploads\/sites\/2\/2017\/01\/jerina-370x255.jpg\"\/>\n                                <\/div>\n                                                        <div class=\"info\">\n                                <div class=\"info-content\">\n                                    <h3 class=\"doctor-name\"><a class=\"theme-color-hover\" href=\"https:\/\/solmed.lv\/en\/doctor\/jelizaveta-lipmane\">Dr. Viktorija Jerina<\/a><\/h3>\n                                                                            <div class=\"doctor-position\"><a class=\"theme-color\" href=\"https:\/\/solmed.lv\/en\/services\/dentistry\">Dentistry<\/a><\/div>\n                                                                    <\/div>\n\n                                <div class=\"clearfix\"><\/div>\n                            <\/div>\n                        <\/div>\n                    <\/div>\n                                                        <div class=\"doctor-item element-item dentistry iw-col-md-4 iw-col-sm-6 iw-col-xs-12\" data-category=\"dentistry\">\n                        <div class=\"info-wrap\">\n                                                        <div class=\"info\">\n                                <div class=\"info-content\">\n                                    <h3 class=\"doctor-name\"><a class=\"theme-color-hover\" href=\"https:\/\/solmed.lv\/en\/doctor\/jevgenija-vallavina\">Jevg\u0113nija Va\u013c\u013cavina<\/a><\/h3>\n                                                                            <div class=\"doctor-position\"><a class=\"theme-color\" href=\"https:\/\/solmed.lv\/en\/services\/dentistry\">Dentistry<\/a><\/div>\n                                                                    <\/div>\n\n                                <div class=\"clearfix\"><\/div>\n                            <\/div>\n                        <\/div>\n                    <\/div>\n                            <\/div>\n        <\/div>\n    <\/div>\n    [\/vc_column][\/vc_row]<\/p>\n","protected":false},"excerpt":{"rendered":"<p>[vc_row iw_layout=&#8221;wide-bg&#8221;][vc_column 0=&#8221;&#8221;][\/vc_column][\/vc_row]<\/p>\n","protected":false},"author":1,"featured_media":0,"parent":0,"menu_order":5,"comment_status":"closed","ping_status":"closed","template":"page-templates\/full-width-page.php","meta":[],"aioseo_notices":[],"_links":{"self":[{"href":"https:\/\/solmed.lv\/en\/wp-json\/wp\/v2\/pages\/719"}],"collection":[{"href":"https:\/\/solmed.lv\/en\/wp-json\/wp\/v2\/pages"}],"about":[{"href":"https:\/\/solmed.lv\/en\/wp-json\/wp\/v2\/types\/page"}],"author":[{"embeddable":true,"href":"https:\/\/solmed.lv\/en\/wp-json\/wp\/v2\/users\/1"}],"replies":[{"embeddable":true,"href":"https:\/\/solmed.lv\/en\/wp-json\/wp\/v2\/comments?post=719"}],"version-history":[{"count":0,"href":"https:\/\/solmed.lv\/en\/wp-json\/wp\/v2\/pages\/719\/revisions"}],"wp:attachment":[{"href":"https:\/\/solmed.lv\/en\/wp-json\/wp\/v2\/media?parent=719"}],"curies":[{"name":"wp","href":"https:\/\/api.w.org\/{rel}","templated":true}]}}