{"id":138,"date":"2017-06-15T09:35:38","date_gmt":"2017-06-15T09:35:38","guid":{"rendered":""},"modified":"2021-07-28T19:28:59","modified_gmt":"2021-07-28T16:28:59","slug":"kontakty","status":"publish","type":"page","link":"https:\/\/solmed.lv\/ru\/kontakty","title":{"rendered":"\u041a\u043e\u043d\u0442\u0430\u043a\u0442\u044b"},"content":{"rendered":"<p>[vc_row iw_layout=&#8221;wide-bg&#8221; css=&#8221;.vc_custom_1482807270748{margin-bottom: 25px !important;padding-top: 35px !important;}&#8221;][vc_column width=&#8221;1\/3&#8243;]<div class=\"iw-item-info  style2  center-text item-border-v4\"><div class=\"icon-img icon theme-color\" style=\"font-size:60px\"><i class=\"fa fa-phone\"><\/i><\/div><div class=\"item-info-content\"><h3 class=\"title\"><a class=\"theme-color-hover\" href=\"#\" style=\"\">\u0422\u0435\u043b\u0435\u0444\u043e\u043d<\/a><\/h3><p class=\"description\" style=\"\">\u041d\u043e\u043c\u0435\u0440\u0430 \u0442\u0435\u043b\u0435\u0444\u043e\u043d\u043e\u0432 \u0434\u043b\u044f \u0438\u043d\u0444\u043e\u0440\u043c\u0430\u0446\u0438\u0438 \u0438 \u0437\u0430\u043f\u0438\u0441\u0438 \u043d\u0430 \u043a\u043e\u043d\u0441\u0443\u043b\u044c\u0442\u0430\u0446\u0438\u044e<\/p>\n<p><\/p><div class=\"content\"><div class=\"content-2 theme-color\"><a href=\"tel:0037167332339\">+371 67 332 339<\/a><\/div>\n<div class=\"content-2 theme-color\"><a href=\"tel:0037129149015\">+371 29 149 015<\/a><\/div><\/div><\/div><div class=\"clearfix\"><\/div><\/div>[\/vc_column][vc_column width=&#8221;1\/3&#8243;]<div class=\"iw-item-info  style2  center-text item-border-v4\"><div class=\"icon-img icon theme-color\" style=\"font-size:60px\"><i class=\"fa fa-heart\"><\/i><\/div><div class=\"item-info-content\"><h3 class=\"title\"><a class=\"theme-color-hover\" href=\"#\" style=\"\">\u0410\u0434\u0440\u0435\u0441<\/a><\/h3><p class=\"description\" style=\"\">\u041c\u0435\u0434\u0438\u0446\u0438\u043d\u0441\u043a\u0438\u0439 \u0446\u0435\u043d\u0442\u0440 \u201cSolMed\u201d <\/p><div class=\"content\"><div class=\"content-1\"> K. Valdem\u0101ra iela 36 <\/div>\n<div class=\"content-2 theme-color\">(ieeja no \u0122ertr\u016bdes ielas) <\/div>\n<div class=\"content-1 \">R\u012bga, LV-1010<\/div><\/div><\/div><div class=\"clearfix\"><\/div><\/div>[\/vc_column][vc_column width=&#8221;1\/3&#8243;]<div class=\"iw-item-info  style2  center-text item-border-v4\"><div class=\"icon-img icon theme-color\" style=\"font-size:60px\"><i class=\"fa fa-inbox\"><\/i><\/div><div class=\"item-info-content\"><h3 class=\"title\"><a class=\"theme-color-hover\" href=\"#\" style=\"\">E-\u043f\u043e\u0447\u0442\u0430<\/a><\/h3><p class=\"description\" style=\"\">\u0417\u0430\u043f\u0438\u0448\u0438\u0442\u0435\u0441\u044c \u043d\u0430 \u043a\u043e\u043d\u0441\u0443\u043b\u044c\u0442\u0430\u0446\u0438\u044e \u0432 \u0443\u0434\u043e\u0431\u043d\u043e\u0435 \u0434\u043b\u044f \u0412\u0430\u0441 \u0432\u0440\u0435\u043c\u044f<\/p><div class=\"content\"><div class=\"content-2 theme-color\"><a href=\"mailto:info@solmed.lv\">info@solmed.lv<\/a><\/div><\/div><\/div><div class=\"clearfix\"><\/div><\/div>[\/vc_column][\/vc_row][vc_row iw_layout=&#8221;boxed&#8221;][vc_column]<div class=\"inwave-map-contact\" style=\"height:785px\"><div class=\"inwave-map\"><div class=\"map-contain\" data-map_style=\"style1\" data-address=\"\u0423\u043b\u0438\u0446\u0430 Kri\u0161j\u0101\u0146a Valdem\u0101ra 36 (\u0432\u0445\u043e\u0434 \u0441 \u0443\u043b\u0438\u0446\u044b \u0122ertr\u016bdes)\" data-phone_number=\"+371 67332339\" data-email_address=\"info@solmed.lv\" data-website_url=\"https:\/\/solmed.lv\/ru\" data-marker_icon=\"https:\/\/solmed.lv\/ru\/wp-content\/uploads\/sites\/3\/2017\/02\/makericon2-1.png\" data-lat=\"56.958343\" data-long=\"24.119216\" data-zoom=\"16\" data-panby_x=\"-122\" data-panby_y=\"-29\" data-image=\"https:\/\/solmed.lv\/ru\/wp-content\/uploads\/sites\/3\/2017\/07\/karte-270x141.jpg\" data-width=\"570\" data-height=\"230\" data-info_panby_x=\"178\" data-info_panby_y=\"84\" ><div class=\"map-view map-frame\" style=\"height:785px\"><\/div><\/div><\/div><div class=\"form-contact\"><div class=\"row\"><div class=\"container\"><div class=\"iw-contact-form7 col-md-6 col-sm-12 col-xs-12\"><\/div><\/div><\/div><\/div><\/div>[\/vc_column][\/vc_row]<\/p>\n","protected":false},"excerpt":{"rendered":"<p>[vc_row iw_layout=&#8221;wide-bg&#8221; css=&#8221;.vc_custom_1482807270748{margin-bottom: 25px !important;padding-top: 35px !important;}&#8221;][vc_column width=&#8221;1\/3&#8243;][\/vc_column][vc_column width=&#8221;1\/3&#8243;][\/vc_column][vc_column width=&#8221;1\/3&#8243;][\/vc_column][\/vc_row][vc_row iw_layout=&#8221;boxed&#8221;][vc_column][\/vc_column][\/vc_row]<\/p>\n","protected":false},"author":1,"featured_media":0,"parent":0,"menu_order":6,"comment_status":"closed","ping_status":"closed","template":"page-templates\/full-width-page.php","meta":[],"aioseo_notices":[],"_links":{"self":[{"href":"https:\/\/solmed.lv\/ru\/wp-json\/wp\/v2\/pages\/138"}],"collection":[{"href":"https:\/\/solmed.lv\/ru\/wp-json\/wp\/v2\/pages"}],"about":[{"href":"https:\/\/solmed.lv\/ru\/wp-json\/wp\/v2\/types\/page"}],"author":[{"embeddable":true,"href":"https:\/\/solmed.lv\/ru\/wp-json\/wp\/v2\/users\/1"}],"replies":[{"embeddable":true,"href":"https:\/\/solmed.lv\/ru\/wp-json\/wp\/v2\/comments?post=138"}],"version-history":[{"count":0,"href":"https:\/\/solmed.lv\/ru\/wp-json\/wp\/v2\/pages\/138\/revisions"}],"wp:attachment":[{"href":"https:\/\/solmed.lv\/ru\/wp-json\/wp\/v2\/media?parent=138"}],"curies":[{"name":"wp","href":"https:\/\/api.w.org\/{rel}","templated":true}]}}